{"id":543,"date":"2015-08-31T14:54:21","date_gmt":"2015-08-31T14:54:21","guid":{"rendered":"http:\/\/ojo.givideo.org\/public_html\/ojo\/?page_id=543"},"modified":"2015-09-10T19:08:53","modified_gmt":"2015-09-10T19:08:53","slug":"about","status":"publish","type":"page","link":"https:\/\/ojo.givideo.org\/public_html\/ojo\/index.php\/about\/","title":{"rendered":"ABOUT"},"content":{"rendered":"<h5><strong>English below&#8230;<\/strong><\/h5>\n<p>&nbsp;<\/p>\n<h3><strong><em>El Oportuno Ojo Feminista \/<br \/>\n<\/em>Rencontre avec l&#8217;art f\u00e9ministe latino-am\u00e9ricain<\/strong><br \/>\n<strong>Commissaire Julia Antivilo (Chili\/Mexique)<\/strong><\/h3>\n<p>&nbsp;<\/p>\n<p><a href=\"http:\/\/ojo.givideo.org\/public_html\/ojo\/index.php\/16-oeuvres-trois-programmes-video-au-giv-les-8-9-10-septembre-2015\/\" target=\"_blank\">8 septembre &#8211; programme 1 au GIV \u00e0 19 h, suivi d&#8217;un cocktail<\/a><\/p>\n<p><a href=\"http:\/\/ojo.givideo.org\/public_html\/ojo\/index.php\/atelier-workshop-copresentation-avec-oboro-9-septembre-2015-a-14-h\/\" target=\"_blank\">9 septembre: atelier \u00e0 Oboro \u00e0 14 h<\/a> et<a href=\"http:\/\/ojo.givideo.org\/public_html\/ojo\/index.php\/atelier-workshop-copresentation-avec-oboro-9-septembre-2015-a-14-h\/\" target=\"_blank\"> programme 2 au GIV \u00e0 18 h<\/a><\/p>\n<p><a href=\"http:\/\/ojo.givideo.org\/public_html\/ojo\/index.php\/english\/\" target=\"_blank\">10 septembre: programme 3 au GIV \u00e0 19 h<\/a> suivi<a href=\"http:\/\/ojo.givideo.org\/public_html\/ojo\/index.php\/performance-copresentation-avec-la-centrale-galerie-powerhouse-10-septembre-2015-a-18-h\/\" target=\"_blank\"> par la performance de Julia Antivilo<\/a><\/p>\n<p>info @ GIV \/ 4001 rue Berri local 105, Montr\u00e9al info@givideo.org\u00a0\u00a0 + givideo.org<\/p>\n<p>Trois jours de projections et d&#8217;\u00e9changes sur l&#8217;art f\u00e9ministe et l&#8217;artivisme en Am\u00e9rique latine, en pr\u00e9sence de la commissaire. Ce projet b\u00e9n\u00e9ficie du programme <em>Accueil d\u2019\u0153uvres et d\u2019artistes provenant de l&#8217;\u00e9tranger<\/em> du Conseil des arts et des lettres du Qu\u00e9bec.<\/p>\n<p><strong>\u00a0<\/strong><\/p>\n<p>Ouvert au public et gratuit<\/p>\n<p>&nbsp;<\/p>\n<p><a href=\"https:\/\/www.facebook.com\/julia.antivilo?fref=ts\" target=\"_blank\"><strong>Julia Antivilo<\/strong> est historienne et artiste de performance f\u00e9ministe.<\/a> Ses \u00e9crits portent sur le r\u00f4le social et culturel des femmes en Am\u00e9rique latine et la relation entre l&#8217;art, le genre et le f\u00e9minisme. Elle a obtenu une ma\u00eetrise et un doctorat en \u00c9tudes latino-am\u00e9ricaines de l&#8217;Universidad de Chile (Chili) et entreprend un post doctorat sur l&#8217;artivisme contre l&#8217;h\u00e9t\u00e9ronormativit\u00e9 en Am\u00e9rique latine \u00e0 l&#8217;Universidad Aut\u00f3noma Metropolitana (Mexique). Elle est membre du collectif <em>Malignas Influencias<\/em> (Chili\/Mexique). Ses \u0153uvres ont \u00e9t\u00e9 pr\u00e9sent\u00e9es au Chili, en Argentine, en Bolivie, en Colombie, aux \u00c9tats-Unis, au Costa Rica et au Mexique.\u00a0Elle vit actuellement au Mexique o\u00f9 elle collabore avec les groupes artistiques <em>La Pocha Nostra<\/em>, <em>Pinto mi Raya<\/em> et <em>Producciones y Milagros Agrupaci\u00f3n Feminista A.C.<\/em><\/p>\n<p><a href=\"http:\/\/www.rcinet.ca\/es\/2015\/09\/09\/el-oportuno-ojo-feminista\/\" target=\"_blank\">Julia Antivilo sur Radio Canada International.<\/a><\/p>\n<p>&nbsp;<\/p>\n<p>Le <strong>GIV<\/strong>, dont le mandat multiple est de distribuer, diffuser et produire des vid\u00e9os ind\u00e9pendantes, fait partie des rares centres qui, de par le monde, se consacrent \u00e0 la mise en valeur d\u2019\u0153uvres r\u00e9alis\u00e9es par des femmes.<\/p>\n<p>&nbsp;<\/p>\n<p>&nbsp;<\/p>\n<p>&nbsp;<\/p>\n<hr \/>\n<h3><em><strong>El Oportuno Ojo Feminista \/<br \/>\nA Rendez-Vous with Latin American Feminist Art<\/strong><\/em><br \/>\n<em><strong>Curator Julia Antivilo (Chili\/Mexico)<\/strong><\/em><\/h3>\n<p>&nbsp;<\/p>\n<p><a href=\"http:\/\/ojo.givideo.org\/public_html\/ojo\/index.php\/english\/\" target=\"_blank\">September 8: Program 1 &#8211; 19 h at GIV, followed by a cocktail<\/a><\/p>\n<p><a href=\"http:\/\/ojo.givideo.org\/public_html\/ojo\/index.php\/atelier-workshop-copresentation-avec-oboro-9-septembre-2015-a-14-h\/\" target=\"_blank\">September 9: Workshop \u2013 14 h at Oboro<\/a> and<a href=\"http:\/\/ojo.givideo.org\/public_html\/ojo\/index.php\/english\/\" target=\"_blank\"> Program 2 \u2013 18 h at GIV<\/a><\/p>\n<p><a href=\"http:\/\/ojo.givideo.org\/public_html\/ojo\/index.php\/performance-copresentation-avec-la-centrale-galerie-powerhouse-10-septembre-2015-a-18-h\/\" target=\"_blank\">September 10: Performance (to be confirmed<\/a>) \u2013\u00a0 and <a href=\"http:\/\/ojo.givideo.org\/public_html\/ojo\/index.php\/english\/\" target=\"_blank\">Program 3 \u2013 19h at GIV<\/a><\/p>\n<p>info @ GIV \/ 4001 rue Berri local 105, Montr\u00e9al info@givideo.org\u00a0\u00a0 + givideo.org<\/p>\n<p>Three days of screenings and exchanges on feminist and activist art in Latin America with the curator. Completed by the setting up of an <strong><em>Online Archive of Feminist Latin American Art\u00a0<\/em><\/strong> on GIV&#8217;s Web site. This project has been made possible through the <em>Accueil d\u2019\u0153uvres et d\u2019artistes provenant de l&#8217;\u00e9tranger<\/em> program of the Conseil des arts et des lettres du Qu\u00e9bec.<\/p>\n<p>Free and open to the public.<\/p>\n<p>&nbsp;<\/p>\n<p>&nbsp;<\/p>\n<p><a href=\"https:\/\/www.facebook.com\/julia.antivilo?fref=ts\" target=\"_blank\"><strong>Julia Antivilo <\/strong> is a historian and feminist performance artist.<\/a> Her writings examine the cultural and social role of women in Latin America and the relation between art, gender, and feminism. She holds a Masters degree and a Doctorate in Latin American Studies from the University of Chile (Chile), and is working on a Post-Doctorate degree on artivism against heteronormativity in Latin America at the Universidad Aut\u00f3noma Metropolitana in Mexico. She is currently living in Mexico where she collaborates with <em>La Pocha Nostra<\/em>, <em>Pinto mi Raya<\/em> and <em>Producciones y Milagros Agrupaci\u00f3n Feminista A.C artistic groups.<\/em><\/p>\n<p><a href=\"http:\/\/www.rcinet.ca\/es\/2015\/09\/09\/el-oportuno-ojo-feminista\/\" target=\"_blank\">Julia Antivilo on Radio Canada International.<\/a><\/p>\n<p><strong>GIV<\/strong>, with its multi-faceted mandate to distribute, present, and produce independent videos, is one of the rare artist-run centres throughout the world dedicated to the development and promotion of works created by women.<\/p>\n","protected":false},"excerpt":{"rendered":"<p>English below&#8230; &nbsp; El Oportuno Ojo Feminista \/ Rencontre avec l&#8217;art f\u00e9ministe latino-am\u00e9ricain Commissaire Julia Antivilo (Chili\/Mexique) &nbsp; 8 septembre &#8211; programme 1 au GIV \u00e0 19 h, suivi d&#8217;un cocktail 9 septembre: atelier \u00e0 Oboro \u00e0 14 h et programme 2 au GIV \u00e0 18 h 10 septembre: programme 3 au GIV \u00e0 19 [&hellip;]<\/p>\n","protected":false},"author":1,"featured_media":0,"parent":0,"menu_order":0,"comment_status":"closed","ping_status":"closed","template":"","meta":{"footnotes":""},"_links":{"self":[{"href":"https:\/\/ojo.givideo.org\/public_html\/ojo\/index.php\/wp-json\/wp\/v2\/pages\/543"}],"collection":[{"href":"https:\/\/ojo.givideo.org\/public_html\/ojo\/index.php\/wp-json\/wp\/v2\/pages"}],"about":[{"href":"https:\/\/ojo.givideo.org\/public_html\/ojo\/index.php\/wp-json\/wp\/v2\/types\/page"}],"author":[{"embeddable":true,"href":"https:\/\/ojo.givideo.org\/public_html\/ojo\/index.php\/wp-json\/wp\/v2\/users\/1"}],"replies":[{"embeddable":true,"href":"https:\/\/ojo.givideo.org\/public_html\/ojo\/index.php\/wp-json\/wp\/v2\/comments?post=543"}],"version-history":[{"count":25,"href":"https:\/\/ojo.givideo.org\/public_html\/ojo\/index.php\/wp-json\/wp\/v2\/pages\/543\/revisions"}],"predecessor-version":[{"id":704,"href":"https:\/\/ojo.givideo.org\/public_html\/ojo\/index.php\/wp-json\/wp\/v2\/pages\/543\/revisions\/704"}],"wp:attachment":[{"href":"https:\/\/ojo.givideo.org\/public_html\/ojo\/index.php\/wp-json\/wp\/v2\/media?parent=543"}],"curies":[{"name":"wp","href":"https:\/\/api.w.org\/{rel}","templated":true}]}}