{"id":48,"date":"2015-08-24T18:26:20","date_gmt":"2015-08-24T18:26:20","guid":{"rendered":"http:\/\/ojo.givideo.org\/public_html\/ojo\/?page_id=48"},"modified":"2015-08-31T15:36:44","modified_gmt":"2015-08-31T15:36:44","slug":"atelier-workshop-copresentation-avec-oboro-9-septembre-2015-a-14-h","status":"publish","type":"page","link":"http:\/\/ojo.givideo.org\/public_html\/ojo\/index.php\/atelier-workshop-copresentation-avec-oboro-9-septembre-2015-a-14-h\/","title":{"rendered":"Atelier \/ Workshop copr\u00e9sentation avec Oboro 9 septembre \u00e0 14 h."},"content":{"rendered":"<p>Artivismo contra la heteronorma en Am\u00e9rica Latina \/ L&#8217;artivisme contre l&#8217;h\u00e9t\u00e9ronormativit\u00e9 en Am\u00e9rique Latine.<\/p>\n<hr \/>\n<p>Organis\u00e9 par le Groupe Intervention Vid\u00e9o<\/p>\n<p>L&#8217;atelier propose un aper\u00e7u de la d\u00e9marche des artistes et collectifs qui ont lutt\u00e9 contre l&#8217;h\u00e9t\u00e9ronormativit\u00e9 comme syst\u00e8me d&#8217;oppression et d&#8217;exclusion en Am\u00e9rique latine. Il sera donn\u00e9 en espagnol avec traduction simultan\u00e9e en fran\u00e7ais. Dur\u00e9e : 3 hrs<\/p>\n<hr \/>\n<p>Presented by Groupe Intervention Vid\u00e9o<\/p>\n<p>This workshop presents an overview of the approaches employed by artists and collectives who fought against the <em>heteronormativity<\/em> as a system of oppression and exclusion in Latin America. It will be offered in Spanish with simultaneous French translation. Duration : 3 hours<\/p>\n<p>Oboro \/ 4001 rue Berri, local 301, Montr\u00e9al http:\/\/www.oboro.net<br \/>\nInformation GIV\u00a0 T: (514) 271-5506 info@givideo.org\u00a0\u00a0 www.givideo.org<\/p>\n<p>&nbsp;<\/p>\n<p>&nbsp;<\/p>\n<p>&nbsp;<\/p>\n","protected":false},"excerpt":{"rendered":"<p>Artivismo contra la heteronorma en Am\u00e9rica Latina \/ L&#8217;artivisme contre l&#8217;h\u00e9t\u00e9ronormativit\u00e9 en Am\u00e9rique Latine. Organis\u00e9 par le Groupe Intervention Vid\u00e9o L&#8217;atelier propose un aper\u00e7u de la d\u00e9marche des artistes et collectifs qui ont lutt\u00e9 contre l&#8217;h\u00e9t\u00e9ronormativit\u00e9 comme syst\u00e8me d&#8217;oppression et d&#8217;exclusion en Am\u00e9rique latine. Il sera donn\u00e9 en espagnol avec traduction simultan\u00e9e en fran\u00e7ais. Dur\u00e9e [&hellip;]<\/p>\n","protected":false},"author":1,"featured_media":0,"parent":0,"menu_order":0,"comment_status":"closed","ping_status":"closed","template":"","meta":{"footnotes":""},"_links":{"self":[{"href":"http:\/\/ojo.givideo.org\/public_html\/ojo\/index.php\/wp-json\/wp\/v2\/pages\/48"}],"collection":[{"href":"http:\/\/ojo.givideo.org\/public_html\/ojo\/index.php\/wp-json\/wp\/v2\/pages"}],"about":[{"href":"http:\/\/ojo.givideo.org\/public_html\/ojo\/index.php\/wp-json\/wp\/v2\/types\/page"}],"author":[{"embeddable":true,"href":"http:\/\/ojo.givideo.org\/public_html\/ojo\/index.php\/wp-json\/wp\/v2\/users\/1"}],"replies":[{"embeddable":true,"href":"http:\/\/ojo.givideo.org\/public_html\/ojo\/index.php\/wp-json\/wp\/v2\/comments?post=48"}],"version-history":[{"count":8,"href":"http:\/\/ojo.givideo.org\/public_html\/ojo\/index.php\/wp-json\/wp\/v2\/pages\/48\/revisions"}],"predecessor-version":[{"id":562,"href":"http:\/\/ojo.givideo.org\/public_html\/ojo\/index.php\/wp-json\/wp\/v2\/pages\/48\/revisions\/562"}],"wp:attachment":[{"href":"http:\/\/ojo.givideo.org\/public_html\/ojo\/index.php\/wp-json\/wp\/v2\/media?parent=48"}],"curies":[{"name":"wp","href":"https:\/\/api.w.org\/{rel}","templated":true}]}}