{"id":473,"date":"2015-08-28T16:34:56","date_gmt":"2015-08-28T16:34:56","guid":{"rendered":"http:\/\/ojo.givideo.org\/public_html\/ojo\/?page_id=473"},"modified":"2015-09-07T02:38:30","modified_gmt":"2015-09-07T02:38:30","slug":"english","status":"publish","type":"page","link":"http:\/\/ojo.givideo.org\/public_html\/ojo\/index.php\/english\/","title":{"rendered":"Programs_Video at GIV Septembre 8 and 10 at 7pm, Septembre 9 th at 6."},"content":{"rendered":"<p><a href=\"http:\/\/ojo.givideo.org\/public_html\/ojo\/\">HOME<\/a><\/p>\n<p>15 works \/ 3 programs at GIV \/ 4001 rue Berri local 105, Montr\u00e9al info@givideo.org<br \/>\nFree and open to the public.<\/p>\n<p>Three days of screenings and exchanges on feminist and activist art in Latin America with the curator.<\/p>\n<p>This project has been made possible through the <em>Accueil d\u2019\u0153uvres et d\u2019artistes provenant de l&#8217;\u00e9tranger<\/em> program of the Conseil des arts et des lettres du Qu\u00e9bec.<\/p>\n<p>&nbsp;<\/p>\n<p><strong> 1\/ THE PIONEERS Las Pioneras \/ Les pionni\u00e8res \/\u00a0 <\/strong><strong>September <\/strong><strong>8, <\/strong><strong>2015 &#8211; 19\u00a0h_GIV<br \/>\n<\/strong><\/p>\n<p>Program dedicated to the pioneers of Latin American feminist art of the 70s and 80s, some having been dominant figures in the artistic and intellectual scene.<\/p>\n<p><strong>\u00a0<\/strong><\/p>\n<p><strong>Ciudad Mujer Ciudad<\/strong><\/p>\n<p>Pola Weiss, 1978, 18 min 40 s, art video, Spanish, French s.t.<\/p>\n<p>Dance performance video, expressing the difficult transition of women from the countryside to the megalopolis of Mexico City.<\/p>\n<p><strong>Pola Weiss<\/strong> (1947-1990). A pioneer of video art in Mexico, her work was rejected by the intellectual circles of the time. It was after meeting Nam June Paik and Shigeko Kubota in New York that she made her first video, <em>Fleur<\/em><em> Cosmique<\/em>, in 1977. She not only opened a new path of research in the audio-visual field, but also explored transdisciplinarity, performanceand dance.<\/p>\n<p>&nbsp;<\/p>\n<p><strong>\u00bfY si es mujer?<\/strong><\/p>\n<p>Guadalupe S\u00e1nchez Sosa, 1977, 6 min 27 s, animation, Spanish, French s.t.<\/p>\n<p>Short animation on the role of women in patriarchal culture.<\/p>\n<p><strong>Guadalupe<\/strong><strong> S<\/strong><strong>\u00e1<\/strong><strong>nchez<\/strong><strong> Sosa (<\/strong>Cordoba, Mexico, 1955). Her work includes graphic art, animation, art direction in film and exploration of traditional and digital animation techniques. Her projects integrate experiences she lived during her research, linked mainly to children, women, and education. She was a member of the <em>Cine Mujer<\/em> Collective.<\/p>\n<p><strong>\u00a0<\/strong><\/p>\n<p><strong>Juguetes <\/strong><\/p>\n<p>Maria Luisa Bemberg, 1978, 11 min 39 s, documentary, Spanish, French s.t.<\/p>\n<p>This short work looks at the influence of toys on young minds and their impact on the subsequent vocational choices of children and was made following 70 interviews with 9 and 10-year-old boys and girls at the Toy Fair during the Buenos Aires Agricultural Fair (Argentina).<\/p>\n<p>&nbsp;<\/p>\n<p><strong>Mar\u00eda<\/strong><strong> Luisa Bemberg<\/strong> (1922- 1995). Feminist, scriptwriter, director, and actress, she was one of the first female Latin American directors, as well as an important figure in Argentinian intellectual circles from 1970 to 1990. She initiated the discussion of an important social debate as co-founder of <em>Uni\u00f3n<\/em><em> Feminista Argentina, <\/em><em>the legendary UFA <\/em>and participated in different campaigns to raise awareness of the constraints that traditional societal roles created for women as autonomous individuals. Her works propose a universal theme on the desire for independence of her heroines, forcing them to confront established power structures.<\/p>\n<p>&nbsp;<\/p>\n<p><strong>El arte en rosa. Mujeres en las artes visuales: Maris Bustamante<\/strong><\/p>\n<p>M\u00f3nica Mayer and Sachiko Uzeta, 2008, 26 min, TV program, Spanish, French s.t.<\/p>\n<p>Conceived as a television series, <em>El arte en <\/em>rosa looks at the life and works of female Mexican artists. Approached from a political stance, their art is also analyzed from a human point of view by the protagonists. In this episode, Maris Bustamante, the \u201cGrandma of Mexican performance art\u201d, talks about her work and her training in the early 80s, of <em>Polvo de Gallina Negra<\/em>, the first feminist artistic group in Mexico.<\/p>\n<p>&nbsp;<\/p>\n<p><strong>M\u00f3nica Mayer <\/strong>was born in Mexico in 1945. She is considered to be a performance pioneer and a precursor of feminist art. With Maris Bustamante, she founded the <em>Polvo<\/em><em> de Gallina Negra <\/em>group.<\/p>\n<p><strong>Sachiko Uzeta, <\/strong>director and producer, was one of the first graduates from the International School of Film and Television in San Antonio de los Ba\u00f1os in Cuba in the 80s.<\/p>\n<p>&nbsp;<\/p>\n<p><strong>2\/ BORDER SHE IS \u00a0 Ella es frontera \/ Elle est fronti\u00e8re \/ <\/strong><strong>September<\/strong><strong> 9, <\/strong><strong>2015 &#8211; 18 h_GIV<\/strong><\/p>\n<p>Works by artists who, in the 90s, initiated a reflection on borders and the meaning of territories<\/p>\n<p><strong>Ella es frontera\/<\/strong><strong>Border she is<\/strong><\/p>\n<p>Pilar Rodr\u00edguez, 1996, 25 min, art video, Spanish- English<\/p>\n<p>Cisneros, and Liliana Valenzuela. Beyond the words, the public is invited to travel through a body landscape.<\/p>\n<p><strong>Pilar Rodriguez<\/strong>, a poetess of words and video, interpreter and translator, cross-border aventuress&#8230; In 2005, she returned to her native Mexico after living in California, Texas, New Mexico and Morelos.<\/p>\n<p>&nbsp;<\/p>\n<p><strong>Mientras dorm\u00edamos (el caso Ju\u00e1rez)<\/strong><\/p>\n<p>Lorena Wolffer, Ximena Cuevas, Rogelio Sosa, 2002, 4 min 54 s, art video, English<\/p>\n<p>Since the beginning of the 90s, more than 300 women have been murdered in Ciudad Juarez and a similar number of women have gone missing. The video reveals this dramatic situation, denouncing the permissiveness which still persists in Ciudad Juarez in regard to violence against women.<\/p>\n<p>For over 20 years, the work of <strong>Lorena<\/strong><strong> Wolffer <\/strong>has been proposing a space of resistance and enunciation at the intersection of art and activism. From the creation radical cultural interventions with different women\u2019s communities to the elaboration of new teaching models, her projects recognize the importance of experimental languages and move the boundaries between cultures. The artist tenaciously defends the rights and the voice of women generally invisible in the Mexican context<\/p>\n<p>&nbsp;<\/p>\n<p><strong>N\u00f3madas, las mujeres se mueven 2 <\/strong><\/p>\n<p>Elizabeth Ross, 2008-2009, 7 min 44 s, art video, English<\/p>\n<p>This video looks at the endless female trajectory in the outside world as well as in their most intimate territories. The project was created in collaboration with artists working on questions of immigration.<\/p>\n<p><strong>Elizabeth<\/strong><strong> Ross<\/strong> is a Mexican multi-disciplinary artist. Director of artistic projects, sociocultural agent, curator and journalist, her presence is international. Her approach includes ongoing research at the intersection of art, feminism, politics, memory, the environment and society. She organizes live and online events where \u201ccommunity\u201d is the keyword. She is the founder and director of <em>5c\u00e9lula <\/em>in Mexico and <em>3Multiverse <\/em>in Europe<em>, <\/em>both non-profit organizations linking art and communities<em>. <\/em>She also founded<em> Identit\u00e9s, <\/em>an international residency. Since 2003, she has chosen to practice her art in the streets and public venues.<\/p>\n<p>&nbsp;<\/p>\n<p><strong>Santas Putas<\/strong><\/p>\n<p>Ver\u00f3nica Quense, 2010, 54\u00a0min, documentary, Spanish- English<\/p>\n<p>This documentary is based on the disappearance and the murder of 14 women in Alto Hospicio, Iquique, in northern Chile, between September 12, 1998 and August 23, 2001. During the two and a half year time span of these crimes, the authorities who were supposed to protect these women and investigate the murders, did nothing. According to the government and the police, these women had gone off to work as prostitutes because they were poor. Many years later, five people, close to the victims, speak out.<\/p>\n<p><strong>Veronica<\/strong><strong> Quense<\/strong> was born in Valparaiso, Chile, in 1961. Multi-faceted artist, defender of human and environmental rights, photographer and poetess, she focuses her camera where others turn away. Her first works, <em>El vuelo de Juana<\/em> (1997) and <em>El canto olvidado<\/em> (1998), fiction shorts already mirror her interest for the status of women in Chilean society. It is in her documentary work, however, that she finds the best vehicle to denounce the consequences of a misogynist and inequitable society.<\/p>\n<p>&nbsp;<\/p>\n<p>&nbsp;<\/p>\n<p>3\/<strong>THE NEW DE-GENERATION AND COUNTER-MANIFESTOS\u00a0 \/ LA NUEVA DES-GENERACI\u00d3N Y SUS CONTRAMANIFIESTOS<\/strong>\u00a0 <strong>September<\/strong><strong> 10 <\/strong><strong>2015 &#8211; 19\u00a0h_<\/strong><strong>_GIV<\/strong><\/p>\n<p>A program of feminist works of the 2000s that look at notions of the aesthetic, the political body and sexuality to reveal its historicity.<\/p>\n<p>&nbsp;<\/p>\n<p><strong>Belleza v\/s Belleza<\/strong><\/p>\n<p>Katia Sep\u00falveda, 2007, 3 min, art video, no dialog<\/p>\n<p>This video is a reflection on the nature of beauty and contemporary perceptions of this ideal. The director looks at <em>L&#8217;Origine du monde<\/em> (1866), a painting by Gustave Courbet, where the vulva is the origin of the world and of beauty, and at the Barbie doll with its silhouette imposed as a standard of contemporary beauty. Vulvas are all different, and it is from this non-standardized \u201cbeauty\u201d that the director confronts stereotypes.<\/p>\n<p><strong>Katia<\/strong><strong> Sep\u00falveda Barra<\/strong> was born in Santiago de Chile in 1978. Katia works from a trans-feminist, anti-colonialist, post-porno and post-conceptual perspective, creating an ongoing dialogue with theory, criticism of fiction and counter-fiction. She is currently based in Tijuana, Mexico.<\/p>\n<p>&nbsp;<\/p>\n<p><strong>Compulsory maternity<\/strong><\/p>\n<p>Nadia Granados: La Fulminante, 2012, 3 min 47 s, art video, English<\/p>\n<p>A monologue on the debate surrounding the decriminalization of abortion in Latin America. La Fulminante is a persona based on the stereotype of the sexually provocative Latin woman invented by mass media, the reggaethon and pornography. In this video, the artist\u2019s body becomes an attraction, offering that which is not available in traditional communication networks.<\/p>\n<p><strong>Nadia Granados<\/strong>: La Fulminante<strong>, <\/strong>was born in Bogota in 1978. She is a performance artist who uses her body as a conduit for social transformation. She is interested in the relation between violence against women and the representation of violence in traditional media, institutionalized male chauvinism and heterosexual pornography.<\/p>\n<p>&nbsp;<\/p>\n<p><strong>Env\u00edo para el r\u00edo Medell\u00edn<\/strong><\/p>\n<p>Ana Mar\u00eda Agredo, 2014, 4 min 58 s, art video, no dialog<\/p>\n<p>This video was inspired by a Selen Arango poem on the violence in Medell\u00edn, Colombia, where life and death are in free-fall.<\/p>\n<p><strong>Ana<\/strong><strong> Maria Agredo, <\/strong>queer, feminist. Her research and artistic production focus on body issues and sexuality, viewed under the angle of decolonization, resistance and disobedience. Her projects look at radical writing and the acquisition of knowledge by way of undisciplined spaces versus sex education and art history. She is currently working on the stakes and concerns of Latin American queer thought.<\/p>\n<p><strong>Manifiesto Gordx<\/strong><\/p>\n<p>Constanza A Castillo and Samuel Hidalgo<strong>, <\/strong>2012, 4 min 40 s, art video, Spanish- English<\/p>\n<p><em>Manifiesto gordx<\/em> is a counter-manifesto in favour of corpulent bodies. It is a call for corporal anarchy and politically incorrect hyperbole. It is a visual protest against the patriarchal standards of beauty.<\/p>\n<p><strong>Constance<\/strong><strong> A. Castillo<\/strong> was born in Quilpu\u00e9-Valparaiso, Chile. Lesbian militant, anarcho-feminist, performer and facilitator, her work centers around issues of politicization of corpulence and the body, heterosexuality as a political order and anti-patriarchal, antispeciesist and post-porno struggles.<\/p>\n<p>&nbsp;<\/p>\n<p><strong>Castigadores dom\u00e9sticos moderados<\/strong><\/p>\n<p>Alejandra Dorado, 2008, 11 min, art video, Spanish- French<\/p>\n<p>The video tells the story of a woman and the men in her life. The slum, her first intimate relations, poverty, abuse, love, and the desire to move beyond her situation, until a tragic incident, where, she kills her husband in self-defence in front of her two sons. This work was born out of research on cases of violence where women, in self-defence, become the aggressors.<\/p>\n<p><strong>Alejandra<\/strong><strong> Dorado<\/strong>, was born in Cochabamba, Bolivia in 1969. She is considered to be one of the most important contemporary Bolivian artists. In her installations and performances, Dorado examines questions of identity, gender and power. She is also the founder and director of <em>La caja verde, <\/em>an innovative art education program for blind youth<\/p>\n<p><strong>\u00a0<\/strong><\/p>\n<p><strong>Aphrodisia<\/strong><\/p>\n<p>Malignas Influencias, 2008, 6 min 18 s, art video, English<\/p>\n<p>This video is an invitation to test Aphrodisia, a urinal developed exclusively for women. It allows women to urinate standing up, but can also be used as a bidet and a masturbation toy. It is both a pleasurable object and a political tool to subvert daily and private life. It is feminist art catering to female audiences.<\/p>\n<p><strong>Malignas Influencias<\/strong> is a feminist art collective, active since 2004, composed of artists Julia Antivilo, Jessica Torres, Zaida Gonz\u00e1lez and Paula Moraga. The aim of their visual and performance projects of the collective is the creation of links between history, art and feminist activism. These artists denounce violence against women and claim pleasure as a right.<\/p>\n<p><strong>\u00a0<\/strong><\/p>\n<p><strong>42 frases contra el aborto<\/strong><\/p>\n<p>Coordinadora Universitaria de Disidencia Sexual, 2012, 14 min 58 s, artivism video, Spanish, French s.t.<\/p>\n<p>This video was launched on YouTube to promote the abortion debate on social networks. The work reveals the most conservative arguments of abortion opponents, gathered during the <em>Dona por un aborto ilegal<\/em> campaign, which sought to finance illegal abortions. Such was the video\u2019s success in cyberspace that YouTube and Vimeo had to take down the work because of pressure from pro-life groups.<\/p>\n<p><strong>Coordinadora Universitaria de Disidencia Sexual (CUDS)<\/strong><\/p>\n<p>CUDS is a Chilean collective of sexual dissidence with more than 10 years of activism to their credit. The members of the collective work with the university community, young people and with Chilean society in general to raise awareness of alternative ways to live sexuality. The practices of CUD navigate between theoretical production and performance.<\/p>\n<p>&nbsp;<\/p>\n<p><strong>Julia Antivilo <\/strong> is a historian and feminist performance artist. Her writings examine the cultural and social role of women in Latin America and the relation between art, gender, and feminism. She holds a Masters degree and a Doctorate in Latin American Studies from the University of Chile (Chile), and is working on a Post-Doctorate degree on artivism against heteronormativity in Latin America at the Universidad Aut\u00f3noma Metropolitana in Mexico. She is currently living in Mexico where she collaborates with <em>La Pocha Nostra<\/em>, <em>Pinto mi Raya<\/em> and <em>Producciones y Milagros Agrupaci\u00f3n Feminista A.C artistic groups.<\/em><\/p>\n<p>&nbsp;<\/p>\n<p>&nbsp;<\/p>\n<p><strong>GIV<\/strong>, with its multi-faceted mandate to distribute, present, and produce independent videos, is one of the rare artist-run centres throughout the world dedicated to the development and promotion of works created by women.<\/p>\n<p>&nbsp;<\/p>\n<p>&nbsp;<\/p>\n<p>&nbsp;<\/p>\n<p>&nbsp;<\/p>\n","protected":false},"excerpt":{"rendered":"<p>HOME 15 works \/ 3 programs at GIV \/ 4001 rue Berri local 105, Montr\u00e9al info@givideo.org Free and open to the public. Three days of screenings and exchanges on feminist and activist art in Latin America with the curator. This project has been made possible through the Accueil d\u2019\u0153uvres et d\u2019artistes provenant de l&#8217;\u00e9tranger program [&hellip;]<\/p>\n","protected":false},"author":1,"featured_media":0,"parent":0,"menu_order":0,"comment_status":"closed","ping_status":"closed","template":"","meta":{"footnotes":""},"_links":{"self":[{"href":"http:\/\/ojo.givideo.org\/public_html\/ojo\/index.php\/wp-json\/wp\/v2\/pages\/473"}],"collection":[{"href":"http:\/\/ojo.givideo.org\/public_html\/ojo\/index.php\/wp-json\/wp\/v2\/pages"}],"about":[{"href":"http:\/\/ojo.givideo.org\/public_html\/ojo\/index.php\/wp-json\/wp\/v2\/types\/page"}],"author":[{"embeddable":true,"href":"http:\/\/ojo.givideo.org\/public_html\/ojo\/index.php\/wp-json\/wp\/v2\/users\/1"}],"replies":[{"embeddable":true,"href":"http:\/\/ojo.givideo.org\/public_html\/ojo\/index.php\/wp-json\/wp\/v2\/comments?post=473"}],"version-history":[{"count":16,"href":"http:\/\/ojo.givideo.org\/public_html\/ojo\/index.php\/wp-json\/wp\/v2\/pages\/473\/revisions"}],"predecessor-version":[{"id":700,"href":"http:\/\/ojo.givideo.org\/public_html\/ojo\/index.php\/wp-json\/wp\/v2\/pages\/473\/revisions\/700"}],"wp:attachment":[{"href":"http:\/\/ojo.givideo.org\/public_html\/ojo\/index.php\/wp-json\/wp\/v2\/media?parent=473"}],"curies":[{"name":"wp","href":"https:\/\/api.w.org\/{rel}","templated":true}]}}