{"id":46,"date":"2015-08-24T18:25:18","date_gmt":"2015-08-24T18:25:18","guid":{"rendered":"http:\/\/ojo.givideo.org\/public_html\/ojo\/?page_id=46"},"modified":"2015-09-10T19:10:26","modified_gmt":"2015-09-10T19:10:26","slug":"performance-copresentation-avec-la-centrale-galerie-powerhouse-10-septembre-2015-a-18-h","status":"publish","type":"page","link":"http:\/\/ojo.givideo.org\/public_html\/ojo\/index.php\/performance-copresentation-avec-la-centrale-galerie-powerhouse-10-septembre-2015-a-18-h\/","title":{"rendered":"Performance de Julia Antivilo  \/  Affichage dans les rues de Montr\u00e9al"},"content":{"rendered":"<h3><em><strong>La Dama. De placeres y otras vibraciones \/ La Dama. Plaisirs et autres vibrations\/<\/strong><\/em><strong><em>La Dama. Pleasures and other vibrations<\/em><\/strong><\/h3>\n<h5><strong>Le 10 septembre au GIV, suite \u00e0 la programmation\/Septembre 10 th at GIV, following the video program.<\/strong><\/h5>\n<p>&nbsp;<\/p>\n<p>La Dama, personnage de la performance de <a href=\"https:\/\/www.facebook.com\/julia.antivilo?fref=ts\">Julia Antivilo<\/a>, remet en question certains st\u00e9r\u00e9otypes f\u00e9minins. En chantant et en dansant sur l&#8217;air de \u00ab Sorry, I&#8217;m a Lady \u00bb, cette Dame d\u00e9construit avec ironie la chastet\u00e9, la d\u00e9cence et la pudeur. Elle invite le public \u00e0 vivre une exp\u00e9rience lib\u00e9ratrice en essayant la Balan\u00e7oire du plaisir.<\/p>\n<p>La Dama, a character in the performance by<a href=\"https:\/\/www.facebook.com\/julia.antivilo?fref=ts\"> Julia Antivilo<\/a>, challenges certain female stereotypes. Singing and dancing to the tune of &#8220;Sorry, I&#8217;m a Lady&#8221;, this lady ironically deconstructs chastity, decency and modesty. She invites the public to experience a liberating experience by trying the Pleasure Swing.<\/p>\n<p>&nbsp;<\/p>\n<p>&nbsp;<\/p>\n<p>&nbsp;<\/p>\n<hr \/>\n<h3><strong><em>Affichage dans les rues de Montr\u00e9al des linogravures de la s\u00e9rie #VivasNosQueremos produite par Mujeres Grabando Resistencias.<\/em><\/strong><\/h3>\n<p>&nbsp;<\/p>\n<p>Action collaborative entre les groupes artivistes Mujeres Grabando Resistencias de Mexico et Wall of Femmes de Montr\u00e9al. Date et lieu \u00e0 confirmer.<\/p>\n<p>#VivasNosQueremos est une campagne d&#8217;intervention cr\u00e9ative et collective contre la violence faite aux femmes, le f\u00e9minicide et le droit \u00e0 la l\u00e9gitime d\u00e9fense face \u00e0 la violence.<\/p>\n<p>&nbsp;<\/p>\n<p><strong>Postering<\/strong> action in Montreal of linocuts from the <em>#VivasNosQueremos<\/em> series, created by <em>Mujeres Grabando Resistencias.<\/em> Collaborative action between the artivist groups <em>Mujeres Grabando Resistencias<\/em> de Mexico and <em>Wall of Femme<\/em>s de Montr\u00e9al.<\/p>\n<p>&nbsp;<\/p>\n<p><em>#VivasNosQueremos is a campaign of creative and collective action speaking out on violence against women and the right to self-defense in the face of violence. <\/em><\/p>\n<p><em>\u00a0<\/em><\/p>\n","protected":false},"excerpt":{"rendered":"<p>La Dama. De placeres y otras vibraciones \/ La Dama. Plaisirs et autres vibrations\/La Dama. Pleasures and other vibrations Le 10 septembre au GIV, suite \u00e0 la programmation\/Septembre 10 th at GIV, following the video program. &nbsp; La Dama, personnage de la performance de Julia Antivilo, remet en question certains st\u00e9r\u00e9otypes f\u00e9minins. En chantant et [&hellip;]<\/p>\n","protected":false},"author":1,"featured_media":0,"parent":0,"menu_order":0,"comment_status":"closed","ping_status":"closed","template":"","meta":{"footnotes":""},"_links":{"self":[{"href":"http:\/\/ojo.givideo.org\/public_html\/ojo\/index.php\/wp-json\/wp\/v2\/pages\/46"}],"collection":[{"href":"http:\/\/ojo.givideo.org\/public_html\/ojo\/index.php\/wp-json\/wp\/v2\/pages"}],"about":[{"href":"http:\/\/ojo.givideo.org\/public_html\/ojo\/index.php\/wp-json\/wp\/v2\/types\/page"}],"author":[{"embeddable":true,"href":"http:\/\/ojo.givideo.org\/public_html\/ojo\/index.php\/wp-json\/wp\/v2\/users\/1"}],"replies":[{"embeddable":true,"href":"http:\/\/ojo.givideo.org\/public_html\/ojo\/index.php\/wp-json\/wp\/v2\/comments?post=46"}],"version-history":[{"count":17,"href":"http:\/\/ojo.givideo.org\/public_html\/ojo\/index.php\/wp-json\/wp\/v2\/pages\/46\/revisions"}],"predecessor-version":[{"id":705,"href":"http:\/\/ojo.givideo.org\/public_html\/ojo\/index.php\/wp-json\/wp\/v2\/pages\/46\/revisions\/705"}],"wp:attachment":[{"href":"http:\/\/ojo.givideo.org\/public_html\/ojo\/index.php\/wp-json\/wp\/v2\/media?parent=46"}],"curies":[{"name":"wp","href":"https:\/\/api.w.org\/{rel}","templated":true}]}}