{"id":448,"date":"2015-08-28T16:14:33","date_gmt":"2015-08-28T16:14:33","guid":{"rendered":"http:\/\/ojo.givideo.org\/public_html\/ojo\/?page_id=448"},"modified":"2015-08-28T18:54:58","modified_gmt":"2015-08-28T18:54:58","slug":"artistes-de-bolivia","status":"publish","type":"page","link":"http:\/\/ojo.givideo.org\/public_html\/ojo\/index.php\/artistes-de-bolivia\/","title":{"rendered":"R\u00e9pertoire virtuel _ Artistes de Bolivie"},"content":{"rendered":"<p>Ce r\u00e9pertoire rassemble le travail d&#8217;une centaine d&#8217;artistes du Chili, de l&#8217;Argentine, de la Bolivie, du Br\u00e9sil, de la Colombie et du Mexique.<\/p>\n<p><a href=\"http:\/\/alejandradorado.blogspot.com\/\" target=\"_blank\"><img decoding=\"async\" loading=\"lazy\" class=\"alignnone size-full wp-image-245\" src=\"http:\/\/ojo.givideo.org\/public_html\/ojo\/wp-content\/uploads\/2015\/08\/dorado.png\" alt=\"dorado\" width=\"200\" height=\"150\" \/><\/a><a href=\"http:\/\/www.mujerescreando.org\/\" target=\"_blank\"><img decoding=\"async\" loading=\"lazy\" class=\"alignnone size-full wp-image-289\" src=\"http:\/\/ojo.givideo.org\/public_html\/ojo\/wp-content\/uploads\/2015\/08\/mujeresCreando.png\" alt=\"mujeresCreando\" width=\"200\" height=\"150\" \/><\/a><\/p>\n","protected":false},"excerpt":{"rendered":"<p>Ce r\u00e9pertoire rassemble le travail d&#8217;une centaine d&#8217;artistes du Chili, de l&#8217;Argentine, de la Bolivie, du Br\u00e9sil, de la Colombie et du Mexique.<\/p>\n","protected":false},"author":1,"featured_media":0,"parent":0,"menu_order":0,"comment_status":"closed","ping_status":"closed","template":"","meta":{"footnotes":""},"_links":{"self":[{"href":"http:\/\/ojo.givideo.org\/public_html\/ojo\/index.php\/wp-json\/wp\/v2\/pages\/448"}],"collection":[{"href":"http:\/\/ojo.givideo.org\/public_html\/ojo\/index.php\/wp-json\/wp\/v2\/pages"}],"about":[{"href":"http:\/\/ojo.givideo.org\/public_html\/ojo\/index.php\/wp-json\/wp\/v2\/types\/page"}],"author":[{"embeddable":true,"href":"http:\/\/ojo.givideo.org\/public_html\/ojo\/index.php\/wp-json\/wp\/v2\/users\/1"}],"replies":[{"embeddable":true,"href":"http:\/\/ojo.givideo.org\/public_html\/ojo\/index.php\/wp-json\/wp\/v2\/comments?post=448"}],"version-history":[{"count":6,"href":"http:\/\/ojo.givideo.org\/public_html\/ojo\/index.php\/wp-json\/wp\/v2\/pages\/448\/revisions"}],"predecessor-version":[{"id":495,"href":"http:\/\/ojo.givideo.org\/public_html\/ojo\/index.php\/wp-json\/wp\/v2\/pages\/448\/revisions\/495"}],"wp:attachment":[{"href":"http:\/\/ojo.givideo.org\/public_html\/ojo\/index.php\/wp-json\/wp\/v2\/media?parent=448"}],"curies":[{"name":"wp","href":"https:\/\/api.w.org\/{rel}","templated":true}]}}